{"id":152,"date":"2024-01-18T01:22:31","date_gmt":"2024-01-18T01:22:31","guid":{"rendered":"https:\/\/autotransmision.com\/?page_id=152"},"modified":"2025-12-10T23:40:00","modified_gmt":"2025-12-10T23:40:00","slug":"contacto","status":"publish","type":"page","link":"https:\/\/autotransmision.com\/index.php\/contacto\/","title":{"rendered":"Contacto"},"content":{"rendered":"\n<p>Si tienes cualquier duda, ponte en contacto con nosotros a trav\u00e9s de cualquiera de los siguientes medios, o consulta las Preguntas frecuentes.<\/p>\n\n\n\n<h2 class=\"wp-block-heading\">Chat en l\u00ednea<\/h2>\n\n\n\n<p>Puedes escribirnos por chat, a trav\u00e9s del chat en nuestra p\u00e1gina web.<\/p>\n\n\n\n<p>Nuestros horarios de atenci\u00f3n son:<\/p>\n\n\n\n<ul class=\"wp-block-list\">\n<li>Lunes a S\u00e1bado de 8:00 a 22.00<\/li>\n\n\n\n<li>Domingo de 9.00 a 20:00<\/li>\n<\/ul>\n\n\n\n<p>o directamente a nuestro numero de telefono y whatsapp 657-293-03-91<\/p>\n\n\n\n<p>Zona horaria Juarez Chihuahua Mexico<\/p>\n\n\n\n<h2 class=\"wp-block-heading\">Correo electr\u00f3nico<\/h2>\n\n\n\n<p>Tambi\u00e9n puedes enviarnos un correo electr\u00f3nico a: ventas@AutoTransmision.com<\/p>\n\n\n\n<p>En Auto Transmision, valoramos a nuestros clientes y estamos comprometidos en proporcionar una experiencia de compra positiva. Siempre trabajamos para mejorar y tu opini\u00f3n es importante para nosotros.<\/p>\n\n\n\n<p>Para m\u00e1s informaci\u00f3n y detalle sobre nuestras pol\u00edticas, puedes consultar nuestros T\u00e9rminos y condiciones.<\/p>\n","protected":false},"excerpt":{"rendered":"<p>Si tienes cualquier duda, ponte en contacto con nosotros a trav\u00e9s de cualquiera de los siguientes medios, o consulta las Preguntas frecuentes. Chat en l\u00ednea Puedes escribirnos por chat, a trav\u00e9s del chat en nuestra p\u00e1gina web. Nuestros horarios de atenci\u00f3n son: o directamente a nuestro numero de telefono y whatsapp 657-293-03-91 Zona horaria Juarez [&hellip;]<\/p>\n","protected":false},"author":1,"featured_media":0,"parent":0,"menu_order":0,"comment_status":"closed","ping_status":"closed","template":"","meta":{"footnotes":""},"class_list":["post-152","page","type-page","status-publish","hentry"],"_links":{"self":[{"href":"https:\/\/autotransmision.com\/index.php\/wp-json\/wp\/v2\/pages\/152","targetHints":{"allow":["GET"]}}],"collection":[{"href":"https:\/\/autotransmision.com\/index.php\/wp-json\/wp\/v2\/pages"}],"about":[{"href":"https:\/\/autotransmision.com\/index.php\/wp-json\/wp\/v2\/types\/page"}],"author":[{"embeddable":true,"href":"https:\/\/autotransmision.com\/index.php\/wp-json\/wp\/v2\/users\/1"}],"replies":[{"embeddable":true,"href":"https:\/\/autotransmision.com\/index.php\/wp-json\/wp\/v2\/comments?post=152"}],"version-history":[{"count":8,"href":"https:\/\/autotransmision.com\/index.php\/wp-json\/wp\/v2\/pages\/152\/revisions"}],"predecessor-version":[{"id":7702,"href":"https:\/\/autotransmision.com\/index.php\/wp-json\/wp\/v2\/pages\/152\/revisions\/7702"}],"wp:attachment":[{"href":"https:\/\/autotransmision.com\/index.php\/wp-json\/wp\/v2\/media?parent=152"}],"curies":[{"name":"wp","href":"https:\/\/api.w.org\/{rel}","templated":true}]}}