{"id":49,"date":"2024-01-16T20:25:46","date_gmt":"2024-01-16T20:25:46","guid":{"rendered":"https:\/\/autotransmision.com\/?page_id=49"},"modified":"2025-12-08T03:36:56","modified_gmt":"2025-12-08T03:36:56","slug":"preguntas-frecuentes","status":"publish","type":"page","link":"https:\/\/autotransmision.com\/index.php\/preguntas-frecuentes\/","title":{"rendered":"Preguntas frecuentes"},"content":{"rendered":"\n<h3 class=\"wp-block-heading\">\u00bfDe d\u00f3nde provienen sus motores?<\/h3>\n\n\n\n<p>\u00a0AutoTransmision se asocia con los principales mayoristas de salvamentos de todo Estados Unidos. Nuestro equipo obtiene las autopartes directamente del distribuidor para que podamos ofrecerle los precios m\u00e1s competitivos en la industria.<\/p>\n\n\n\n<h3 class=\"wp-block-heading\">\u00bfSe requiere un certificado de reventa para la compra?<\/h3>\n\n\n\n<p>No, AutoTransmision no requiere un certificado de reventa para realizar una compra.<\/p>\n\n\n\n<h3 class=\"wp-block-heading\">\u00bfQu\u00e9 m\u00e9todos de pago acepta Motorsmex?<\/h3>\n\n\n\n<p>AutoTransmision acepta los principales medios de pago efectivo y pagos por transferencia bancaria.<\/p>\n\n\n\n<h3 class=\"wp-block-heading\">\u00bfAceptan devoluciones?<\/h3>\n\n\n\n<p>Si todas las transmisiones en AutoTransmision cuentan con garant\u00eda por escrito de 6 meses a 1 a\u00f1o<\/p>\n\n\n\n<h3 class=\"wp-block-heading\">\u00bfSu pago es seguro?<\/h3>\n\n\n\n<p>S\u00ed, utilizamos tecnolog\u00eda SSL (conexi\u00f3n segura) est\u00e1ndar de la industria para cifrar y mantener seguros sus datos personales.<\/p>\n","protected":false},"excerpt":{"rendered":"<p>\u00bfDe d\u00f3nde provienen sus motores? \u00a0AutoTransmision se asocia con los principales mayoristas de salvamentos de todo Estados Unidos. Nuestro equipo obtiene las autopartes directamente del distribuidor para que podamos ofrecerle los precios m\u00e1s competitivos en la industria. \u00bfSe requiere un certificado de reventa para la compra? No, AutoTransmision no requiere un certificado de reventa para [&hellip;]<\/p>\n","protected":false},"author":1,"featured_media":0,"parent":0,"menu_order":0,"comment_status":"closed","ping_status":"closed","template":"","meta":{"footnotes":""},"class_list":["post-49","page","type-page","status-publish","hentry"],"_links":{"self":[{"href":"https:\/\/autotransmision.com\/index.php\/wp-json\/wp\/v2\/pages\/49","targetHints":{"allow":["GET"]}}],"collection":[{"href":"https:\/\/autotransmision.com\/index.php\/wp-json\/wp\/v2\/pages"}],"about":[{"href":"https:\/\/autotransmision.com\/index.php\/wp-json\/wp\/v2\/types\/page"}],"author":[{"embeddable":true,"href":"https:\/\/autotransmision.com\/index.php\/wp-json\/wp\/v2\/users\/1"}],"replies":[{"embeddable":true,"href":"https:\/\/autotransmision.com\/index.php\/wp-json\/wp\/v2\/comments?post=49"}],"version-history":[{"count":7,"href":"https:\/\/autotransmision.com\/index.php\/wp-json\/wp\/v2\/pages\/49\/revisions"}],"predecessor-version":[{"id":7671,"href":"https:\/\/autotransmision.com\/index.php\/wp-json\/wp\/v2\/pages\/49\/revisions\/7671"}],"wp:attachment":[{"href":"https:\/\/autotransmision.com\/index.php\/wp-json\/wp\/v2\/media?parent=49"}],"curies":[{"name":"wp","href":"https:\/\/api.w.org\/{rel}","templated":true}]}}