{"id":7,"date":"2024-01-15T21:18:08","date_gmt":"2024-01-15T21:18:08","guid":{"rendered":"https:\/\/autotransmision.com\/index.php\/cart\/"},"modified":"2024-01-18T20:41:24","modified_gmt":"2024-01-18T20:41:24","slug":"cart","status":"publish","type":"page","link":"https:\/\/autotransmision.com\/index.php\/cart\/","title":{"rendered":"Carrito Compras"},"content":{"rendered":"\n<div data-block-name=\"woocommerce\/cart\" class=\"wp-block-woocommerce-cart alignwide is-loading\">\n<div data-block-name=\"woocommerce\/filled-cart-block\" class=\"wp-block-woocommerce-filled-cart-block\">\n<div data-block-name=\"woocommerce\/cart-items-block\" class=\"wp-block-woocommerce-cart-items-block\">\n<div data-block-name=\"woocommerce\/cart-line-items-block\" class=\"wp-block-woocommerce-cart-line-items-block\"><\/div>\n\n\n\n<div data-block-name=\"woocommerce\/cart-cross-sells-block\" class=\"wp-block-woocommerce-cart-cross-sells-block\">\n<h2 class=\"wp-block-heading has-large-font-size\">You may be interested in\u2026<\/h2>\n\n\n\n<div data-block-name=\"woocommerce\/cart-cross-sells-products-block\" class=\"wp-block-woocommerce-cart-cross-sells-products-block\"><\/div>\n<\/div>\n<\/div>\n\n\n\n<div data-block-name=\"woocommerce\/cart-totals-block\" class=\"wp-block-woocommerce-cart-totals-block\">\n<div data-block-name=\"woocommerce\/cart-order-summary-block\" class=\"wp-block-woocommerce-cart-order-summary-block\">\n<div data-block-name=\"woocommerce\/cart-order-summary-heading-block\" class=\"wp-block-woocommerce-cart-order-summary-heading-block\"><\/div><div data-block-name=\"woocommerce\/cart-order-summary-coupon-form-block\" class=\"wp-block-woocommerce-cart-order-summary-coupon-form-block\"><\/div><div data-block-name=\"woocommerce\/cart-order-summary-totals-block\" class=\"wp-block-woocommerce-cart-order-summary-totals-block\">\n<div data-block-name=\"woocommerce\/cart-order-summary-subtotal-block\" class=\"wp-block-woocommerce-cart-order-summary-subtotal-block\"><\/div>\n<div data-block-name=\"woocommerce\/cart-order-summary-discount-block\" class=\"wp-block-woocommerce-cart-order-summary-discount-block\"><\/div>\n<div data-block-name=\"woocommerce\/cart-order-summary-fee-block\" class=\"wp-block-woocommerce-cart-order-summary-fee-block\"><\/div>\n<div data-block-name=\"woocommerce\/cart-order-summary-shipping-block\" class=\"wp-block-woocommerce-cart-order-summary-shipping-block\"><\/div>\n<div data-block-name=\"woocommerce\/cart-order-summary-taxes-block\" class=\"wp-block-woocommerce-cart-order-summary-taxes-block\"><\/div><\/div>\n<\/div>\n\n\n\n<div data-block-name=\"woocommerce\/cart-express-payment-block\" class=\"wp-block-woocommerce-cart-express-payment-block\"><\/div>\n\n\n\n<div data-block-name=\"woocommerce\/proceed-to-checkout-block\" class=\"wp-block-woocommerce-proceed-to-checkout-block\"><\/div>\n\n\n\n<div data-block-name=\"woocommerce\/cart-accepted-payment-methods-block\" class=\"wp-block-woocommerce-cart-accepted-payment-methods-block\"><\/div>\n<\/div>\n<\/div>\n\n\n\n<div data-block-name=\"woocommerce\/empty-cart-block\" class=\"wp-block-woocommerce-empty-cart-block\">\n<h2 class=\"wp-block-heading has-text-align-center with-empty-cart-icon wc-block-cart__empty-cart__title\">Your cart is currently empty!<\/h2>\n\n\n\n<hr class=\"wp-block-separator has-alpha-channel-opacity is-style-dots\"\/>\n\n\n\n<h2 class=\"wp-block-heading has-text-align-center\">New in store<\/h2>\n\n\n<div data-block-name=\"woocommerce\/product-new\" data-columns=\"4\" data-rows=\"1\" class=\"wc-block-grid wp-block-product-new wp-block-woocommerce-product-new wc-block-product-new has-4-columns\"><ul class=\"wc-block-grid__products\"><li class=\"wc-block-grid__product\">\n\t\t\t\t<a href=\"https:\/\/autotransmision.com\/index.php\/product\/transmision-automatica-f5a51-hyundai-kia\/\" class=\"wc-block-grid__product-link\">\n\t\t\t\t\t<div class=\"wc-block-grid__product-onsale\">\n\t\t\t<span aria-hidden=\"true\">Oferta<\/span>\n\t\t\t<span class=\"screen-reader-text\">Producto en oferta<\/span>\n\t\t<\/div>\n\t\t\t\t\t<div class=\"wc-block-grid__product-image\"><img loading=\"lazy\" decoding=\"async\" width=\"324\" height=\"324\" src=\"https:\/\/autotransmision.com\/wp-content\/uploads\/2025\/12\/4-5-Speed-Fwd-Awd-for-Mitsubishi-F5a51-5-Speed-F4a51-4-Speed-Automatic-Transmission-Gearbox-Model-A5hf1-A5GF1-F5a51-1-Photoroom-324x324.png\" class=\"attachment-woocommerce_thumbnail size-woocommerce_thumbnail\" alt=\"Transmision Automatica F5A51 HYUNDAI KIA\" srcset=\"https:\/\/autotransmision.com\/wp-content\/uploads\/2025\/12\/4-5-Speed-Fwd-Awd-for-Mitsubishi-F5a51-5-Speed-F4a51-4-Speed-Automatic-Transmission-Gearbox-Model-A5hf1-A5GF1-F5a51-1-Photoroom-324x324.png 324w, https:\/\/autotransmision.com\/wp-content\/uploads\/2025\/12\/4-5-Speed-Fwd-Awd-for-Mitsubishi-F5a51-5-Speed-F4a51-4-Speed-Automatic-Transmission-Gearbox-Model-A5hf1-A5GF1-F5a51-1-Photoroom-300x300.png 300w, https:\/\/autotransmision.com\/wp-content\/uploads\/2025\/12\/4-5-Speed-Fwd-Awd-for-Mitsubishi-F5a51-5-Speed-F4a51-4-Speed-Automatic-Transmission-Gearbox-Model-A5hf1-A5GF1-F5a51-1-Photoroom-150x150.png 150w, https:\/\/autotransmision.com\/wp-content\/uploads\/2025\/12\/4-5-Speed-Fwd-Awd-for-Mitsubishi-F5a51-5-Speed-F4a51-4-Speed-Automatic-Transmission-Gearbox-Model-A5hf1-A5GF1-F5a51-1-Photoroom-768x768.png 768w, https:\/\/autotransmision.com\/wp-content\/uploads\/2025\/12\/4-5-Speed-Fwd-Awd-for-Mitsubishi-F5a51-5-Speed-F4a51-4-Speed-Automatic-Transmission-Gearbox-Model-A5hf1-A5GF1-F5a51-1-Photoroom-416x416.png 416w, https:\/\/autotransmision.com\/wp-content\/uploads\/2025\/12\/4-5-Speed-Fwd-Awd-for-Mitsubishi-F5a51-5-Speed-F4a51-4-Speed-Automatic-Transmission-Gearbox-Model-A5hf1-A5GF1-F5a51-1-Photoroom-100x100.png 100w, https:\/\/autotransmision.com\/wp-content\/uploads\/2025\/12\/4-5-Speed-Fwd-Awd-for-Mitsubishi-F5a51-5-Speed-F4a51-4-Speed-Automatic-Transmission-Gearbox-Model-A5hf1-A5GF1-F5a51-1-Photoroom.png 810w\" sizes=\"auto, (max-width: 324px) 100vw, 324px\" \/><\/div>\n\t\t\t\t\t<div class=\"wc-block-grid__product-title\">Transmision Automatica F5A51 HYUNDAI KIA<\/div>\n\t\t\t\t<\/a>\n\t\t\t\t<div class=\"wc-block-grid__product-price price\"><del aria-hidden=\"true\"><span class=\"woocommerce-Price-amount amount\"><span class=\"woocommerce-Price-currencySymbol\">&#036;<\/span>14,000.00<\/span><\/del> <span class=\"screen-reader-text\">Original price was: &#036;14,000.00.<\/span><ins aria-hidden=\"true\"><span class=\"woocommerce-Price-amount amount\"><span class=\"woocommerce-Price-currencySymbol\">&#036;<\/span>9,500.00<\/span><\/ins><span class=\"screen-reader-text\">Current price is: &#036;9,500.00.<\/span><\/div>\n\t\t\t\t\n\t\t\t\t<div class=\"wp-block-button wc-block-grid__product-add-to-cart\"><a href=\"\/index.php\/wp-json\/wp\/v2\/pages\/7?add-to-cart=7726\" aria-label=\"Add to cart: &ldquo;Transmision Automatica F5A51 HYUNDAI KIA&rdquo;\" data-quantity=\"1\" data-product_id=\"7726\" data-product_sku=\"\" data-price=\"9500\" rel=\"nofollow\" class=\"wp-block-button__link  add_to_cart_button ajax_add_to_cart\">A\u00f1adir al carrito<\/a><\/div>\n\t\t\t<\/li><li class=\"wc-block-grid__product\">\n\t\t\t\t<a href=\"https:\/\/autotransmision.com\/index.php\/product\/transmision-automatica-vw-vento\/\" class=\"wc-block-grid__product-link\">\n\t\t\t\t\t\n\t\t\t\t\t<div class=\"wc-block-grid__product-image\"><img loading=\"lazy\" decoding=\"async\" width=\"324\" height=\"324\" src=\"https:\/\/autotransmision.com\/wp-content\/uploads\/2025\/12\/H6f8cbd96cdae4bf29e58062538bd6ca8M-324x324.jpg\" class=\"attachment-woocommerce_thumbnail size-woocommerce_thumbnail\" alt=\"Transmisi\u00f3n autom\u00e1tica vw Vento\" srcset=\"https:\/\/autotransmision.com\/wp-content\/uploads\/2025\/12\/H6f8cbd96cdae4bf29e58062538bd6ca8M-324x324.jpg 324w, https:\/\/autotransmision.com\/wp-content\/uploads\/2025\/12\/H6f8cbd96cdae4bf29e58062538bd6ca8M-300x300.jpg 300w, https:\/\/autotransmision.com\/wp-content\/uploads\/2025\/12\/H6f8cbd96cdae4bf29e58062538bd6ca8M-150x150.jpg 150w, https:\/\/autotransmision.com\/wp-content\/uploads\/2025\/12\/H6f8cbd96cdae4bf29e58062538bd6ca8M-768x768.jpg 768w, https:\/\/autotransmision.com\/wp-content\/uploads\/2025\/12\/H6f8cbd96cdae4bf29e58062538bd6ca8M-416x416.jpg 416w, https:\/\/autotransmision.com\/wp-content\/uploads\/2025\/12\/H6f8cbd96cdae4bf29e58062538bd6ca8M-100x100.jpg 100w, https:\/\/autotransmision.com\/wp-content\/uploads\/2025\/12\/H6f8cbd96cdae4bf29e58062538bd6ca8M.jpg 800w\" sizes=\"auto, (max-width: 324px) 100vw, 324px\" \/><\/div>\n\t\t\t\t\t<div class=\"wc-block-grid__product-title\">Transmisi\u00f3n autom\u00e1tica vw Vento<\/div>\n\t\t\t\t<\/a>\n\t\t\t\t<div class=\"wc-block-grid__product-price price\"><span class=\"woocommerce-Price-amount amount\"><span class=\"woocommerce-Price-currencySymbol\">&#036;<\/span>14,000.00<\/span><\/div>\n\t\t\t\t\n\t\t\t\t<div class=\"wp-block-button wc-block-grid__product-add-to-cart\"><a href=\"\/index.php\/wp-json\/wp\/v2\/pages\/7?add-to-cart=7721\" aria-label=\"Add to cart: &ldquo;Transmisi\u00f3n autom\u00e1tica vw Vento&rdquo;\" data-quantity=\"1\" data-product_id=\"7721\" data-product_sku=\"\" data-price=\"14000\" rel=\"nofollow\" class=\"wp-block-button__link  add_to_cart_button ajax_add_to_cart\">A\u00f1adir al carrito<\/a><\/div>\n\t\t\t<\/li><li class=\"wc-block-grid__product\">\n\t\t\t\t<a href=\"https:\/\/autotransmision.com\/index.php\/product\/transmision-nissan-2000-2006-transmision-automatica-18-l-4-cilindros-qg18de-remanufacturada\/\" class=\"wc-block-grid__product-link\">\n\t\t\t\t\t<div class=\"wc-block-grid__product-onsale\">\n\t\t\t<span aria-hidden=\"true\">Oferta<\/span>\n\t\t\t<span class=\"screen-reader-text\">Producto en oferta<\/span>\n\t\t<\/div>\n\t\t\t\t\t<div class=\"wc-block-grid__product-image\"><img loading=\"lazy\" decoding=\"async\" width=\"324\" height=\"250\" src=\"https:\/\/autotransmision.com\/wp-content\/uploads\/2025\/12\/s-l1600-6-Photoroom-324x250.png\" class=\"attachment-woocommerce_thumbnail size-woocommerce_thumbnail\" alt=\"Transmisi\u00f3n Nissan 2000-2006 transmisi\u00f3n autom\u00e1tica 1,8 L 4 cilindros QG18DE Remanufacturada\" srcset=\"https:\/\/autotransmision.com\/wp-content\/uploads\/2025\/12\/s-l1600-6-Photoroom-324x250.png 324w, https:\/\/autotransmision.com\/wp-content\/uploads\/2025\/12\/s-l1600-6-Photoroom-300x231.png 300w, https:\/\/autotransmision.com\/wp-content\/uploads\/2025\/12\/s-l1600-6-Photoroom-1024x789.png 1024w, https:\/\/autotransmision.com\/wp-content\/uploads\/2025\/12\/s-l1600-6-Photoroom-768x592.png 768w, https:\/\/autotransmision.com\/wp-content\/uploads\/2025\/12\/s-l1600-6-Photoroom-416x320.png 416w, https:\/\/autotransmision.com\/wp-content\/uploads\/2025\/12\/s-l1600-6-Photoroom.png 1280w\" sizes=\"auto, (max-width: 324px) 100vw, 324px\" \/><\/div>\n\t\t\t\t\t<div class=\"wc-block-grid__product-title\">Transmisi\u00f3n Nissan 2000-2006 transmisi\u00f3n autom\u00e1tica 1,8 L 4 cilindros QG18DE Remanufacturada<\/div>\n\t\t\t\t<\/a>\n\t\t\t\t<div class=\"wc-block-grid__product-price price\"><del aria-hidden=\"true\"><span class=\"woocommerce-Price-amount amount\"><span class=\"woocommerce-Price-currencySymbol\">&#036;<\/span>11,900.00<\/span><\/del> <span class=\"screen-reader-text\">Original price was: &#036;11,900.00.<\/span><ins aria-hidden=\"true\"><span class=\"woocommerce-Price-amount amount\"><span class=\"woocommerce-Price-currencySymbol\">&#036;<\/span>9,000.00<\/span><\/ins><span class=\"screen-reader-text\">Current price is: &#036;9,000.00.<\/span><\/div>\n\t\t\t\t\n\t\t\t\t<div class=\"wp-block-button wc-block-grid__product-add-to-cart\"><a href=\"\/index.php\/wp-json\/wp\/v2\/pages\/7?add-to-cart=7715\" aria-label=\"Add to cart: &ldquo;Transmisi\u00f3n Nissan 2000-2006 transmisi\u00f3n autom\u00e1tica 1,8 L 4 cilindros QG18DE Remanufacturada&rdquo;\" data-quantity=\"1\" data-product_id=\"7715\" data-product_sku=\"\" data-price=\"9000\" rel=\"nofollow\" class=\"wp-block-button__link  add_to_cart_button ajax_add_to_cart\">A\u00f1adir al carrito<\/a><\/div>\n\t\t\t<\/li><li class=\"wc-block-grid__product\">\n\t\t\t\t<a href=\"https:\/\/autotransmision.com\/index.php\/product\/transmision-automatica-toyota-u151e-remanufacturada\/\" class=\"wc-block-grid__product-link\">\n\t\t\t\t\t\n\t\t\t\t\t<div class=\"wc-block-grid__product-image\"><img loading=\"lazy\" decoding=\"async\" width=\"324\" height=\"324\" src=\"https:\/\/autotransmision.com\/wp-content\/uploads\/2025\/12\/toyota-u151e-remanufactured-5-speed-automatic-transmission-2-1-324x324.jpg\" class=\"attachment-woocommerce_thumbnail size-woocommerce_thumbnail\" alt=\"Transmisi\u00f3n autom\u00e1tica Toyota U151E Remanufacturada\" srcset=\"https:\/\/autotransmision.com\/wp-content\/uploads\/2025\/12\/toyota-u151e-remanufactured-5-speed-automatic-transmission-2-1-324x324.jpg 324w, https:\/\/autotransmision.com\/wp-content\/uploads\/2025\/12\/toyota-u151e-remanufactured-5-speed-automatic-transmission-2-1-300x300.jpg 300w, https:\/\/autotransmision.com\/wp-content\/uploads\/2025\/12\/toyota-u151e-remanufactured-5-speed-automatic-transmission-2-1-150x150.jpg 150w, https:\/\/autotransmision.com\/wp-content\/uploads\/2025\/12\/toyota-u151e-remanufactured-5-speed-automatic-transmission-2-1-416x416.jpg 416w, https:\/\/autotransmision.com\/wp-content\/uploads\/2025\/12\/toyota-u151e-remanufactured-5-speed-automatic-transmission-2-1-100x100.jpg 100w, https:\/\/autotransmision.com\/wp-content\/uploads\/2025\/12\/toyota-u151e-remanufactured-5-speed-automatic-transmission-2-1.jpg 480w\" sizes=\"auto, (max-width: 324px) 100vw, 324px\" \/><\/div>\n\t\t\t\t\t<div class=\"wc-block-grid__product-title\">Transmisi\u00f3n autom\u00e1tica Toyota U151E Remanufacturada<\/div>\n\t\t\t\t<\/a>\n\t\t\t\t<div class=\"wc-block-grid__product-price price\"><span class=\"woocommerce-Price-amount amount\"><span class=\"woocommerce-Price-currencySymbol\">&#036;<\/span>11,900.00<\/span><\/div>\n\t\t\t\t\n\t\t\t\t<div class=\"wp-block-button wc-block-grid__product-add-to-cart\"><a href=\"\/index.php\/wp-json\/wp\/v2\/pages\/7?add-to-cart=7709\" aria-label=\"Add to cart: &ldquo;Transmisi\u00f3n autom\u00e1tica Toyota U151E Remanufacturada&rdquo;\" data-quantity=\"1\" data-product_id=\"7709\" data-product_sku=\"\" data-price=\"11900\" rel=\"nofollow\" class=\"wp-block-button__link  add_to_cart_button ajax_add_to_cart\">A\u00f1adir al carrito<\/a><\/div>\n\t\t\t<\/li><\/ul><\/div><\/div>\n<\/div>\n","protected":false},"excerpt":{"rendered":"","protected":false},"author":1,"featured_media":0,"parent":0,"menu_order":0,"comment_status":"closed","ping_status":"closed","template":"","meta":{"footnotes":""},"class_list":["post-7","page","type-page","status-publish","hentry"],"_links":{"self":[{"href":"https:\/\/autotransmision.com\/index.php\/wp-json\/wp\/v2\/pages\/7","targetHints":{"allow":["GET"]}}],"collection":[{"href":"https:\/\/autotransmision.com\/index.php\/wp-json\/wp\/v2\/pages"}],"about":[{"href":"https:\/\/autotransmision.com\/index.php\/wp-json\/wp\/v2\/types\/page"}],"author":[{"embeddable":true,"href":"https:\/\/autotransmision.com\/index.php\/wp-json\/wp\/v2\/users\/1"}],"replies":[{"embeddable":true,"href":"https:\/\/autotransmision.com\/index.php\/wp-json\/wp\/v2\/comments?post=7"}],"version-history":[{"count":1,"href":"https:\/\/autotransmision.com\/index.php\/wp-json\/wp\/v2\/pages\/7\/revisions"}],"predecessor-version":[{"id":196,"href":"https:\/\/autotransmision.com\/index.php\/wp-json\/wp\/v2\/pages\/7\/revisions\/196"}],"wp:attachment":[{"href":"https:\/\/autotransmision.com\/index.php\/wp-json\/wp\/v2\/media?parent=7"}],"curies":[{"name":"wp","href":"https:\/\/api.w.org\/{rel}","templated":true}]}}