{"id":720,"date":"2024-11-30T19:25:10","date_gmt":"2024-11-30T19:25:10","guid":{"rendered":"https:\/\/autotransmision.com\/?page_id=720"},"modified":"2025-12-08T03:33:24","modified_gmt":"2025-12-08T03:33:24","slug":"garantia","status":"publish","type":"page","link":"https:\/\/autotransmision.com\/index.php\/garantia\/","title":{"rendered":"Garantia"},"content":{"rendered":"\n<p>Garant\u00edas sobre la compra de motores<br>1.- AutoTransmision usados:<br>La garant\u00eda que ofrece AutoTransmision en Transmisiones usadas y\/o procedentes de desguace es de 6 meses o 5000km lo que ocurra primero. No obstante, este periodo de garant\u00eda ser\u00e1 especificado en la correspondiente factura de compra del producto\u202fy en el presupuesto enviado con anterioridad a la confirmaci\u00f3n del pedido.<\/p>\n\n\n\n<p>2.- Transmisiones reconstruidos o remanufacturados:<br>La garant\u00eda que ofrece AutoTransmision sobre la venta de Transmisiones reconstruidas es de 1 a\u00f1os o 20000Km lo que ocurra primero a contar desde el d\u00eda de la recepci\u00f3n al cliente.<\/p>\n\n\n\n<p>2.- Motores Nuevos:<br>La garant\u00eda que ofrece AutoTransmision sobre la venta de motores nuevos es de 1 a\u00f1os o 20000Km lo que ocurra primero desde el d\u00eda de la recepci\u00f3n por parte del cliente.<\/p>\n\n\n\n<p>3.- Condiciones de garant\u00eda<br><\/p>\n\n\n\n<p>3.1.- La garant\u00eda de en transmisiones reconstruidas cubre lo siguiente:<br>3.2.- Garantizamos nuestras transmisiones reconstruidas o nuevas a partir de la fecha de entrega del la misma 1 a\u00f1o o 20000Km lo que ocurra primero.<\/p>\n\n\n\n<p>3.2.- En ning\u00fan caso se prolongar\u00e1 la garant\u00eda.<\/p>\n\n\n\n<p>3.3.- Cuando se presente un problema de garant\u00eda, es imprescindible ponerse en contacto con nosotros. Recuerde facilitarnos la referencia o n\u00ba de serie de la transmisi\u00f3n junto con el n\u00ba de factura del producto.<\/p>\n\n\n\n<p>3.4.- Dependiendo de la aver\u00eda de la transmisi\u00f3n se podr\u00eda requerir el producto averiado para analizarlo en nuestro Departamento T\u00e9cnico, antes de enviar un producto de cambio.\u202fEl Departamento T\u00e9cnico comunicar\u00e1 al cliente\u202fy mediante un informe\u202fla posibilidad de que se realice el cambio de la pieza, la devoluci\u00f3n de las cantidades abonadas por el mismo en caso de no disponer en stock de material para realizar el cambio o la anulaci\u00f3n de la correspondiente garant\u00eda.\u202f\u00danicamente en aquellos casos en los que no sea posible el reemplazo de la pieza en garant\u00eda por falta de disponibilidad en stock, se reembolsar\u00e1 al cliente mediante transferencia bancaria el importe total de la compra.<\/p>\n\n\n\n<p>3.5- Casos de anulaci\u00f3n de la garant\u00eda:<\/p>\n\n\n\n<p>Reparaciones sin previo consentimiento as\u00ed como montajes o desmontajes realizados por profesionales no autorizados. Sobrecalentamientos o falta de aceite. <br>Da\u00f1os causados por fen\u00f3menos atmosf\u00e9ricos.<\/p>\n\n\n\n<p><\/p>\n","protected":false},"excerpt":{"rendered":"<p>Garant\u00edas sobre la compra de motores1.- AutoTransmision usados:La garant\u00eda que ofrece AutoTransmision en Transmisiones usadas y\/o procedentes de desguace es de 6 meses o 5000km lo que ocurra primero. No obstante, este periodo de garant\u00eda ser\u00e1 especificado en la correspondiente factura de compra del producto\u202fy en el presupuesto enviado con anterioridad a la confirmaci\u00f3n del [&hellip;]<\/p>\n","protected":false},"author":1,"featured_media":0,"parent":0,"menu_order":0,"comment_status":"closed","ping_status":"closed","template":"","meta":{"footnotes":""},"class_list":["post-720","page","type-page","status-publish","hentry"],"_links":{"self":[{"href":"https:\/\/autotransmision.com\/index.php\/wp-json\/wp\/v2\/pages\/720","targetHints":{"allow":["GET"]}}],"collection":[{"href":"https:\/\/autotransmision.com\/index.php\/wp-json\/wp\/v2\/pages"}],"about":[{"href":"https:\/\/autotransmision.com\/index.php\/wp-json\/wp\/v2\/types\/page"}],"author":[{"embeddable":true,"href":"https:\/\/autotransmision.com\/index.php\/wp-json\/wp\/v2\/users\/1"}],"replies":[{"embeddable":true,"href":"https:\/\/autotransmision.com\/index.php\/wp-json\/wp\/v2\/comments?post=720"}],"version-history":[{"count":2,"href":"https:\/\/autotransmision.com\/index.php\/wp-json\/wp\/v2\/pages\/720\/revisions"}],"predecessor-version":[{"id":7667,"href":"https:\/\/autotransmision.com\/index.php\/wp-json\/wp\/v2\/pages\/720\/revisions\/7667"}],"wp:attachment":[{"href":"https:\/\/autotransmision.com\/index.php\/wp-json\/wp\/v2\/media?parent=720"}],"curies":[{"name":"wp","href":"https:\/\/api.w.org\/{rel}","templated":true}]}}