{"id":7617,"date":"2025-12-07T22:24:14","date_gmt":"2025-12-07T22:24:14","guid":{"rendered":"https:\/\/autotransmision.com\/?post_type=product&#038;p=7617"},"modified":"2025-12-07T22:26:28","modified_gmt":"2025-12-07T22:26:28","slug":"transmision-automatica-jeep-grand-cherokee-5-7l-2018-2021","status":"publish","type":"product","link":"https:\/\/autotransmision.com\/index.php\/product\/transmision-automatica-jeep-grand-cherokee-5-7l-2018-2021\/","title":{"rendered":"Transmisi\u00f3n Autom\u00e1tica Jeep Grand Cherokee 5.7l 2018-2021"},"content":{"rendered":"<div class=\"ui-pdp-header\">\n<div class=\"ui-pdp-header__title-container\">\n<h3 class=\"ui-pdp-title\">Transmisi\u00f3n Autom\u00e1tica Jeep Grand Cherokee 5.7l 2018-2021<\/h3>\n<h3 class=\"ui-pdp-title\">INCLUYE: + Transmision\u00a0+ kit de instalacion<\/h3>\n<h3>GARANT\u00cdA: 1 A\u00d1O DE GARANT\u00cdA DIRECTAMENTE CON NOSOTROS O 20 MIL KM * NO CUBRE CALENTAMIENTOS, MANO DE OBRA O MALOS DIAGNOSTICOS LAS FOTOS SON REALES DEL PRODUCTO QUE SE ENTREGA ENVIOS A TODA LA REPUBLICA.<\/h3>\n<p>&nbsp;<\/p>\n<\/div>\n<\/div>\n","protected":false},"excerpt":{"rendered":"<p>Transmisi\u00f3n Autom\u00e1tica Jeep Grand Cherokee 5.7l 2018-2021 INCLUYE: + Transmision\u00a0+ kit de instalacion GARANT\u00cdA: 1 A\u00d1O DE GARANT\u00cdA DIRECTAMENTE CON NOSOTROS O 20 MIL KM * NO CUBRE CALENTAMIENTOS, MANO DE OBRA O MALOS DIAGNOSTICOS LAS FOTOS SON REALES DEL PRODUCTO QUE SE ENTREGA ENVIOS A TODA LA REPUBLICA. &nbsp;<\/p>\n","protected":false},"featured_media":7614,"comment_status":"closed","ping_status":"closed","template":"","meta":[],"product_brand":[],"product_cat":[85],"product_tag":[174,92,93,88],"class_list":{"0":"post-7617","1":"product","2":"type-product","3":"status-publish","4":"has-post-thumbnail","6":"product_cat-dodge","7":"product_tag-dodge","8":"product_tag-durango","9":"product_tag-grand-cherokee","10":"product_tag-jeep","12":"first","13":"instock","14":"shipping-taxable","15":"purchasable","16":"product-type-simple"},"_links":{"self":[{"href":"https:\/\/autotransmision.com\/index.php\/wp-json\/wp\/v2\/product\/7617","targetHints":{"allow":["GET"]}}],"collection":[{"href":"https:\/\/autotransmision.com\/index.php\/wp-json\/wp\/v2\/product"}],"about":[{"href":"https:\/\/autotransmision.com\/index.php\/wp-json\/wp\/v2\/types\/product"}],"replies":[{"embeddable":true,"href":"https:\/\/autotransmision.com\/index.php\/wp-json\/wp\/v2\/comments?post=7617"}],"wp:featuredmedia":[{"embeddable":true,"href":"https:\/\/autotransmision.com\/index.php\/wp-json\/wp\/v2\/media\/7614"}],"wp:attachment":[{"href":"https:\/\/autotransmision.com\/index.php\/wp-json\/wp\/v2\/media?parent=7617"}],"wp:term":[{"taxonomy":"product_brand","embeddable":true,"href":"https:\/\/autotransmision.com\/index.php\/wp-json\/wp\/v2\/product_brand?post=7617"},{"taxonomy":"product_cat","embeddable":true,"href":"https:\/\/autotransmision.com\/index.php\/wp-json\/wp\/v2\/product_cat?post=7617"},{"taxonomy":"product_tag","embeddable":true,"href":"https:\/\/autotransmision.com\/index.php\/wp-json\/wp\/v2\/product_tag?post=7617"}],"curies":[{"name":"wp","href":"https:\/\/api.w.org\/{rel}","templated":true}]}}