{"id":7620,"date":"2025-12-07T22:35:40","date_gmt":"2025-12-07T22:35:40","guid":{"rendered":"https:\/\/autotransmision.com\/?post_type=product&#038;p=7620"},"modified":"2025-12-07T22:39:42","modified_gmt":"2025-12-07T22:39:42","slug":"transmision-automatica-renault-logan-2015-2019","status":"publish","type":"product","link":"https:\/\/autotransmision.com\/index.php\/product\/transmision-automatica-renault-logan-2015-2019\/","title":{"rendered":"Transmisi\u00f3n Autom\u00e1tica Renault Logan (2015-2019)"},"content":{"rendered":"<div class=\"ui-pdp-header\">\n<div class=\"ui-pdp-header__title-container\">\n<h3 class=\"ui-pdp-title\">Transmisi\u00f3n Autom\u00e1tica Renault Logan (2015-2019)<\/h3>\n<h3 class=\"ui-pdp-title\">INCLUYE: + Transmision\u00a0+ kit de instalacion<\/h3>\n<h3>GARANT\u00cdA: 1 A\u00d1O DE GARANT\u00cdA DIRECTAMENTE CON NOSOTROS O 20 MIL KM * NO CUBRE CALENTAMIENTOS, MANO DE OBRA O MALOS DIAGNOSTICOS LAS FOTOS SON REALES DEL PRODUCTO QUE SE ENTREGA ENVIOS A TODA LA REPUBLICA.<\/h3>\n<p>&nbsp;<\/p>\n<\/div>\n<\/div>\n","protected":false},"excerpt":{"rendered":"<p>Transmisi\u00f3n Autom\u00e1tica Renault Logan (2015-2019) INCLUYE: + Transmision\u00a0+ kit de instalacion GARANT\u00cdA: 1 A\u00d1O DE GARANT\u00cdA DIRECTAMENTE CON NOSOTROS O 20 MIL KM * NO CUBRE CALENTAMIENTOS, MANO DE OBRA O MALOS DIAGNOSTICOS LAS FOTOS SON REALES DEL PRODUCTO QUE SE ENTREGA ENVIOS A TODA LA REPUBLICA. &nbsp;<\/p>\n","protected":false},"featured_media":7621,"comment_status":"closed","ping_status":"closed","template":"","meta":[],"product_brand":[],"product_cat":[128],"product_tag":[175,132,176],"class_list":{"0":"post-7620","1":"product","2":"type-product","3":"status-publish","4":"has-post-thumbnail","6":"product_cat-renault","7":"product_tag-logan","8":"product_tag-renault","9":"product_tag-sandero","11":"first","12":"instock","13":"shipping-taxable","14":"purchasable","15":"product-type-simple"},"_links":{"self":[{"href":"https:\/\/autotransmision.com\/index.php\/wp-json\/wp\/v2\/product\/7620","targetHints":{"allow":["GET"]}}],"collection":[{"href":"https:\/\/autotransmision.com\/index.php\/wp-json\/wp\/v2\/product"}],"about":[{"href":"https:\/\/autotransmision.com\/index.php\/wp-json\/wp\/v2\/types\/product"}],"replies":[{"embeddable":true,"href":"https:\/\/autotransmision.com\/index.php\/wp-json\/wp\/v2\/comments?post=7620"}],"wp:featuredmedia":[{"embeddable":true,"href":"https:\/\/autotransmision.com\/index.php\/wp-json\/wp\/v2\/media\/7621"}],"wp:attachment":[{"href":"https:\/\/autotransmision.com\/index.php\/wp-json\/wp\/v2\/media?parent=7620"}],"wp:term":[{"taxonomy":"product_brand","embeddable":true,"href":"https:\/\/autotransmision.com\/index.php\/wp-json\/wp\/v2\/product_brand?post=7620"},{"taxonomy":"product_cat","embeddable":true,"href":"https:\/\/autotransmision.com\/index.php\/wp-json\/wp\/v2\/product_cat?post=7620"},{"taxonomy":"product_tag","embeddable":true,"href":"https:\/\/autotransmision.com\/index.php\/wp-json\/wp\/v2\/product_tag?post=7620"}],"curies":[{"name":"wp","href":"https:\/\/api.w.org\/{rel}","templated":true}]}}