{"id":7689,"date":"2025-12-10T02:31:10","date_gmt":"2025-12-10T02:31:10","guid":{"rendered":"https:\/\/autotransmision.com\/?post_type=product&#038;p=7689"},"modified":"2025-12-10T02:35:54","modified_gmt":"2025-12-10T02:35:54","slug":"transmision-automatica-ram-dodge-4wd-wheel-drive","status":"publish","type":"product","link":"https:\/\/autotransmision.com\/index.php\/product\/transmision-automatica-ram-dodge-4wd-wheel-drive\/","title":{"rendered":"Transmisi\u00f3n autom\u00e1tica RAM DODGE 4WD Wheel Drive"},"content":{"rendered":"<div class=\"ui-pdp-header\">\n<div class=\"ui-pdp-header__title-container\">\n<h3 class=\"ui-pdp-title\">Transmisi\u00f3n autom\u00e1tica RAM DODGE 8HP70 8 velocidades 4WD (8HP521AA)<\/h3>\n<h3 class=\"ui-pdp-title\">INCLUYE: + Transmision\u00a0+ kit de instalacion<\/h3>\n<h3>GARANT\u00cdA: 1 A\u00d1O DE GARANT\u00cdA DIRECTAMENTE CON NOSOTROS O 20 MIL KM * NO CUBRE CALENTAMIENTOS, MANO DE OBRA O MALOS DIAGNOSTICOS LAS FOTOS SON REALES DEL PRODUCTO QUE SE ENTREGA ENVIOS A TODA LA REPUBLICA.<\/h3>\n<p>&nbsp;<\/p>\n<\/div>\n<\/div>\n","protected":false},"excerpt":{"rendered":"<p>Transmisi\u00f3n autom\u00e1tica RAM DODGE 8HP70 8 velocidades 4WD (8HP521AA) INCLUYE: + Transmision\u00a0+ kit de instalacion GARANT\u00cdA: 1 A\u00d1O DE GARANT\u00cdA DIRECTAMENTE CON NOSOTROS O 20 MIL KM * NO CUBRE CALENTAMIENTOS, MANO DE OBRA O MALOS DIAGNOSTICOS LAS FOTOS SON REALES DEL PRODUCTO QUE SE ENTREGA ENVIOS A TODA LA REPUBLICA. &nbsp;<\/p>\n","protected":false},"featured_media":7690,"comment_status":"closed","ping_status":"closed","template":"","meta":[],"product_brand":[],"product_cat":[140,128],"product_tag":[175,132,176],"class_list":{"0":"post-7689","1":"product","2":"type-product","3":"status-publish","4":"has-post-thumbnail","6":"product_cat-inventario","7":"product_cat-renault","8":"product_tag-logan","9":"product_tag-renault","10":"product_tag-sandero","12":"first","13":"instock","14":"shipping-taxable","15":"purchasable","16":"product-type-simple"},"_links":{"self":[{"href":"https:\/\/autotransmision.com\/index.php\/wp-json\/wp\/v2\/product\/7689","targetHints":{"allow":["GET"]}}],"collection":[{"href":"https:\/\/autotransmision.com\/index.php\/wp-json\/wp\/v2\/product"}],"about":[{"href":"https:\/\/autotransmision.com\/index.php\/wp-json\/wp\/v2\/types\/product"}],"replies":[{"embeddable":true,"href":"https:\/\/autotransmision.com\/index.php\/wp-json\/wp\/v2\/comments?post=7689"}],"wp:featuredmedia":[{"embeddable":true,"href":"https:\/\/autotransmision.com\/index.php\/wp-json\/wp\/v2\/media\/7690"}],"wp:attachment":[{"href":"https:\/\/autotransmision.com\/index.php\/wp-json\/wp\/v2\/media?parent=7689"}],"wp:term":[{"taxonomy":"product_brand","embeddable":true,"href":"https:\/\/autotransmision.com\/index.php\/wp-json\/wp\/v2\/product_brand?post=7689"},{"taxonomy":"product_cat","embeddable":true,"href":"https:\/\/autotransmision.com\/index.php\/wp-json\/wp\/v2\/product_cat?post=7689"},{"taxonomy":"product_tag","embeddable":true,"href":"https:\/\/autotransmision.com\/index.php\/wp-json\/wp\/v2\/product_tag?post=7689"}],"curies":[{"name":"wp","href":"https:\/\/api.w.org\/{rel}","templated":true}]}}