{"id":7715,"date":"2025-12-12T20:31:31","date_gmt":"2025-12-12T20:31:31","guid":{"rendered":"https:\/\/autotransmision.com\/?post_type=product&#038;p=7715"},"modified":"2025-12-12T20:35:09","modified_gmt":"2025-12-12T20:35:09","slug":"transmision-nissan-2000-2006-transmision-automatica-18-l-4-cilindros-qg18de-remanufacturada","status":"publish","type":"product","link":"https:\/\/autotransmision.com\/index.php\/product\/transmision-nissan-2000-2006-transmision-automatica-18-l-4-cilindros-qg18de-remanufacturada\/","title":{"rendered":"Transmisi\u00f3n Nissan 2000-2006 transmisi\u00f3n autom\u00e1tica 1,8 L 4 cilindros QG18DE Remanufacturada"},"content":{"rendered":"<div class=\"ui-pdp-header\">\n<div class=\"ui-pdp-header__title-container\">\n<h3 class=\"ui-pdp-title\">Transmisi\u00f3n Nissan 2000-2006 transmisi\u00f3n autom\u00e1tica 1,8 L 4 cilindros QG18DE Remanufacturada<\/h3>\n<h3 class=\"ui-pdp-title\">INCLUYE: + Transmision con turbina y cuerpo de v\u00e1lvulas<\/h3>\n<h3>GARANT\u00cdA: 1 A\u00d1O DE GARANT\u00cdA DIRECTAMENTE CON NOSOTROS O 20 MIL KM * NO CUBRE CALENTAMIENTOS, MANO DE OBRA LAS FOTOS SON REALES DEL PRODUCTO QUE SE ENTREGA ENVIOS A TODA LA REPUBLICA.<\/h3>\n<p>&nbsp;<\/p>\n<\/div>\n<\/div>\n","protected":false},"excerpt":{"rendered":"<p>Transmisi\u00f3n Nissan 2000-2006 transmisi\u00f3n autom\u00e1tica 1,8 L 4 cilindros QG18DE Remanufacturada INCLUYE: + Transmision con turbina y cuerpo de v\u00e1lvulas GARANT\u00cdA: 1 A\u00d1O DE GARANT\u00cdA DIRECTAMENTE CON NOSOTROS O 20 MIL KM * NO CUBRE CALENTAMIENTOS, MANO DE OBRA LAS FOTOS SON REALES DEL PRODUCTO QUE SE ENTREGA ENVIOS A TODA LA REPUBLICA. &nbsp;<\/p>\n","protected":false},"featured_media":7716,"comment_status":"closed","ping_status":"closed","template":"","meta":[],"product_brand":[],"product_cat":[140,128],"product_tag":[],"class_list":{"0":"post-7715","1":"product","2":"type-product","3":"status-publish","4":"has-post-thumbnail","6":"product_cat-inventario","7":"product_cat-renault","9":"first","10":"instock","11":"sale","12":"shipping-taxable","13":"purchasable","14":"product-type-simple"},"_links":{"self":[{"href":"https:\/\/autotransmision.com\/index.php\/wp-json\/wp\/v2\/product\/7715","targetHints":{"allow":["GET"]}}],"collection":[{"href":"https:\/\/autotransmision.com\/index.php\/wp-json\/wp\/v2\/product"}],"about":[{"href":"https:\/\/autotransmision.com\/index.php\/wp-json\/wp\/v2\/types\/product"}],"replies":[{"embeddable":true,"href":"https:\/\/autotransmision.com\/index.php\/wp-json\/wp\/v2\/comments?post=7715"}],"wp:featuredmedia":[{"embeddable":true,"href":"https:\/\/autotransmision.com\/index.php\/wp-json\/wp\/v2\/media\/7716"}],"wp:attachment":[{"href":"https:\/\/autotransmision.com\/index.php\/wp-json\/wp\/v2\/media?parent=7715"}],"wp:term":[{"taxonomy":"product_brand","embeddable":true,"href":"https:\/\/autotransmision.com\/index.php\/wp-json\/wp\/v2\/product_brand?post=7715"},{"taxonomy":"product_cat","embeddable":true,"href":"https:\/\/autotransmision.com\/index.php\/wp-json\/wp\/v2\/product_cat?post=7715"},{"taxonomy":"product_tag","embeddable":true,"href":"https:\/\/autotransmision.com\/index.php\/wp-json\/wp\/v2\/product_tag?post=7715"}],"curies":[{"name":"wp","href":"https:\/\/api.w.org\/{rel}","templated":true}]}}